{"id":267,"date":"2017-01-19T11:44:11","date_gmt":"2017-01-19T16:44:11","guid":{"rendered":"http:\/\/www.asoandes.org\/pagina\/?page_id=267"},"modified":"2017-02-06T17:51:58","modified_gmt":"2017-02-06T22:51:58","slug":"nuestros-objetivos","status":"publish","type":"page","link":"https:\/\/www.asoandes.org\/index.php\/nuestros-objetivos\/","title":{"rendered":"Nuestros Objetivos"},"content":{"rendered":"<h2>Objetivos Estrat\u00e9gicos.<\/h2>\n<ul>\n<li>Promover la educaci\u00f3n y la formaci\u00f3n en competencias laborales.<\/li>\n<li>Brindar asistencia t\u00e9cnica en programas de desarrollo institucional, econ\u00f3mico, agroindustrial y empresarial.<\/li>\n<li>Promover y desarrollar proyectos en las tecnolog\u00edas de la informaci\u00f3n y las comunicaciones.<\/li>\n<li>Promover el desarrollo equitativo de las comunidades vulnerables.<\/li>\n<li>Promover y desarrollar proyectos ambientales y participar en la construcci\u00f3n del desarrollo sostenible de Colombia.<\/li>\n<\/ul>\n<p>&nbsp;<\/p>\n","protected":false},"excerpt":{"rendered":"<p>Objetivos Estrat\u00e9gicos. Promover la educaci\u00f3n y la formaci\u00f3n en competencias laborales. Brindar asistencia t\u00e9cnica en programas de desarrollo institucional, econ\u00f3mico, agroindustrial y empresarial. Promover y desarrollar proyectos en las tecnolog\u00edas de la informaci\u00f3n y las comunicaciones. Promover el desarrollo equitativo de las comunidades vulnerables. Promover y desarrollar proyectos ambientales y participar en la construcci\u00f3n del [&hellip;]<\/p>\n","protected":false},"author":1,"featured_media":0,"parent":0,"menu_order":0,"comment_status":"closed","ping_status":"closed","template":"template-full-width.php","meta":[],"_links":{"self":[{"href":"https:\/\/www.asoandes.org\/index.php\/wp-json\/wp\/v2\/pages\/267"}],"collection":[{"href":"https:\/\/www.asoandes.org\/index.php\/wp-json\/wp\/v2\/pages"}],"about":[{"href":"https:\/\/www.asoandes.org\/index.php\/wp-json\/wp\/v2\/types\/page"}],"author":[{"embeddable":true,"href":"https:\/\/www.asoandes.org\/index.php\/wp-json\/wp\/v2\/users\/1"}],"replies":[{"embeddable":true,"href":"https:\/\/www.asoandes.org\/index.php\/wp-json\/wp\/v2\/comments?post=267"}],"version-history":[{"count":7,"href":"https:\/\/www.asoandes.org\/index.php\/wp-json\/wp\/v2\/pages\/267\/revisions"}],"predecessor-version":[{"id":497,"href":"https:\/\/www.asoandes.org\/index.php\/wp-json\/wp\/v2\/pages\/267\/revisions\/497"}],"wp:attachment":[{"href":"https:\/\/www.asoandes.org\/index.php\/wp-json\/wp\/v2\/media?parent=267"}],"curies":[{"name":"wp","href":"https:\/\/api.w.org\/{rel}","templated":true}]}}