{"id":262,"date":"2017-01-19T11:29:51","date_gmt":"2017-01-19T16:29:51","guid":{"rendered":"http:\/\/www.asoandes.org\/pagina\/?page_id=262"},"modified":"2017-02-06T17:51:52","modified_gmt":"2017-02-06T22:51:52","slug":"mision-y-vision","status":"publish","type":"page","link":"https:\/\/www.asoandes.org\/index.php\/mision-y-vision\/","title":{"rendered":"Misi\u00f3n y Visi\u00f3n"},"content":{"rendered":"<h2 class=\"text-center\" style=\"text-align: center;\">Misi\u00f3n.<\/h2>\n<p class=\"text-justify\">Andes es una instituci\u00f3n sin \u00e1nimo de lucro dedicado a la formaci\u00f3n integral de la comunidad, comprometida con el desarrollo sostenible y el mejoramiento de la calidad de vida de la sociedad.<\/p>\n<hr \/>\n<h2 class=\"text-center\" style=\"text-align: center;\">Visi\u00f3n.<\/h2>\n<p class=\"text-justify\">Andes ser\u00e1 reconocida como instituci\u00f3n l\u00edder en el desarrollo de proyectos de formaci\u00f3n integral a nivel nacional e internacional basada en los 7 principios del saber. Demostrando una participaci\u00f3n activa en la sociedad, contribuyendo con el desarrollo cultural, social y econ\u00f3mico<\/p>\n<p class=\"text-justify\">\n","protected":false},"excerpt":{"rendered":"<p>Misi\u00f3n. Andes es una instituci\u00f3n sin \u00e1nimo de lucro dedicado a la formaci\u00f3n integral de la comunidad, comprometida con el desarrollo sostenible y el mejoramiento de la calidad de vida de la sociedad. Visi\u00f3n. Andes ser\u00e1 reconocida como instituci\u00f3n l\u00edder en el desarrollo de proyectos de formaci\u00f3n integral a nivel nacional e internacional basada en [&hellip;]<\/p>\n","protected":false},"author":1,"featured_media":0,"parent":0,"menu_order":0,"comment_status":"closed","ping_status":"closed","template":"template-full-width.php","meta":[],"_links":{"self":[{"href":"https:\/\/www.asoandes.org\/index.php\/wp-json\/wp\/v2\/pages\/262"}],"collection":[{"href":"https:\/\/www.asoandes.org\/index.php\/wp-json\/wp\/v2\/pages"}],"about":[{"href":"https:\/\/www.asoandes.org\/index.php\/wp-json\/wp\/v2\/types\/page"}],"author":[{"embeddable":true,"href":"https:\/\/www.asoandes.org\/index.php\/wp-json\/wp\/v2\/users\/1"}],"replies":[{"embeddable":true,"href":"https:\/\/www.asoandes.org\/index.php\/wp-json\/wp\/v2\/comments?post=262"}],"version-history":[{"count":5,"href":"https:\/\/www.asoandes.org\/index.php\/wp-json\/wp\/v2\/pages\/262\/revisions"}],"predecessor-version":[{"id":496,"href":"https:\/\/www.asoandes.org\/index.php\/wp-json\/wp\/v2\/pages\/262\/revisions\/496"}],"wp:attachment":[{"href":"https:\/\/www.asoandes.org\/index.php\/wp-json\/wp\/v2\/media?parent=262"}],"curies":[{"name":"wp","href":"https:\/\/api.w.org\/{rel}","templated":true}]}}